{"id":772,"date":"2022-08-24T10:59:46","date_gmt":"2022-08-24T08:59:46","guid":{"rendered":"https:\/\/cupbio.fi\/tuote\/cold-cupbio-590-ml\/"},"modified":"2024-02-29T14:47:16","modified_gmt":"2024-02-29T12:47:16","slug":"cold-cupbio-590-ml","status":"publish","type":"product","link":"https:\/\/cupbio.fi\/en\/products\/cold-cupbio-590-ml\/","title":{"rendered":"Cold Cupbio 590 ml"},"content":{"rendered":"  <script>\n  window.erwSettings = window.erwSettings || {};\n  window.erwSettings[\"id69df034703e31\"] = {\n    'type': 'Cold Cupbio',\n    'size': '20oz',\n    'lang': 'en',\n  }\n  <\/script>\n  <div class=\"configurator-container-plugin\" id=\"erw-root\" data-id=\"id69df034703e31\"><\/div>\n\n  \n<h5>Tekniset tiedot<\/h5>\n<p>&nbsp;<\/p>\n<table>\n<thead>\n<tr>\n<th><\/th>\n<th>350 ml<\/th>\n<th>450 ml<\/th>\n<th>590 ml<\/th>\n<\/tr>\n<\/thead>\n<tbody>\n<tr>\n<td>Korkeus (mm)<\/td>\n<td>105<\/td>\n<td>133<\/td>\n<td>145<\/td>\n<\/tr>\n<tr>\n<td>Suurin leveys (mm)<\/td>\n<td>90<\/td>\n<td>90<\/td>\n<td>90<\/td>\n<\/tr>\n<tr>\n<td>Pohjan leveys (mm)<\/td>\n<td>59<\/td>\n<td>55<\/td>\n<td>63<\/td>\n<\/tr>\n<tr>\n<td>Kartonki (gsm)<\/td>\n<td>220<\/td>\n<td>220<\/td>\n<td>220<\/td>\n<\/tr>\n<\/tbody>\n<\/table>\n<p>&nbsp;<\/p>\n<p><img decoding=\"async\" class=\"alignleft product-page-description-img\" src=\"https:\/\/cupbio.fi\/wp-content\/uploads\/2021\/02\/example_4-227x300.jpg\" alt=\"\" \/><\/p>\n<h5>Pyyd\u00e4 suunnittelu Cupbiolta<\/h5>\n<p>&nbsp;<\/p>\n<p>Kerro meille millaiset kupit haluat ja suunnittelemme ne puolestasi br\u00e4ndisi mukaisella tai siihen sopivalla ilmeell\u00e4. Kuppien suunnittelu kuuluu palveluumme. Voit kertoa kuppitoiveesi vapaamuotoisesti meille, niin laadimme ehdotuksemme kupista\/kupeista. Voit j\u00e4tt\u00e4\u00e4 esimerkiksi br\u00e4ndiohjeen v\u00e4reineen, fontteineen ja logoineen toiveesi yhteydess\u00e4, jolloin suunnitelmastamme tulee br\u00e4ndisi mukainen. Voit my\u00f6s j\u00e4tt\u00e4\u00e4 luovuuden t\u00e4ysin meid\u00e4n k\u00e4siimme.<\/p>\n<p>&nbsp;<\/p>\n<p><a class=\"button\" href=\"https:\/\/cupbio.fi\/en\/contact-us\/\">Ota yhteytt\u00e4<\/a><\/p>\n<p>&nbsp;<\/p>\n<p>&nbsp;<\/p>\n<p>&nbsp;<\/p>\n","protected":false},"excerpt":{"rendered":"<p>Biodegradable disposable cup that can be fully recycled.<\/p>\n","protected":false},"featured_media":1046,"template":"","meta":{"_acf_changed":false},"product_brand":[],"product_cat":[41],"product_tag":[],"class_list":{"0":"post-772","1":"product","2":"type-product","3":"status-publish","4":"has-post-thumbnail","6":"product_cat-yleinen-en","8":"first","9":"instock","10":"taxable","11":"shipping-taxable","12":"purchasable","13":"product-type-simple"},"acf":[],"yoast_head":"<!-- This site is optimized with the Yoast SEO plugin v26.8 - https:\/\/yoast.com\/product\/yoast-seo-wordpress\/ -->\n<title>Cold Cupbio 590 ml - Cupbio<\/title>\n<meta name=\"robots\" content=\"index, follow, max-snippet:-1, max-image-preview:large, max-video-preview:-1\" \/>\n<link rel=\"canonical\" href=\"https:\/\/cupbio.fi\/en\/products\/cold-cupbio-590-ml\/\" \/>\n<meta property=\"og:locale\" content=\"en_US\" \/>\n<meta property=\"og:type\" content=\"article\" \/>\n<meta property=\"og:title\" content=\"Cold Cupbio 590 ml - Cupbio\" \/>\n<meta property=\"og:description\" content=\"Biodegradable disposable cup that can be fully recycled.\" \/>\n<meta property=\"og:url\" content=\"https:\/\/cupbio.fi\/en\/products\/cold-cupbio-590-ml\/\" \/>\n<meta property=\"og:site_name\" content=\"Cupbio\" \/>\n<meta property=\"article:modified_time\" content=\"2024-02-29T12:47:16+00:00\" \/>\n<meta property=\"og:image\" content=\"https:\/\/cupbio.fi\/wp-content\/uploads\/2024\/02\/Cold-Cupbio-590-ml_uusi.png\" \/>\n\t<meta property=\"og:image:width\" content=\"1352\" \/>\n\t<meta property=\"og:image:height\" content=\"1548\" \/>\n\t<meta property=\"og:image:type\" content=\"image\/png\" \/>\n<meta name=\"twitter:card\" content=\"summary_large_image\" \/>\n<meta name=\"twitter:label1\" content=\"Est. reading time\" \/>\n\t<meta name=\"twitter:data1\" content=\"1 minute\" \/>\n<script type=\"application\/ld+json\" class=\"yoast-schema-graph\">{\"@context\":\"https:\/\/schema.org\",\"@graph\":[{\"@type\":\"WebPage\",\"@id\":\"https:\/\/cupbio.fi\/en\/products\/cold-cupbio-590-ml\/\",\"url\":\"https:\/\/cupbio.fi\/en\/products\/cold-cupbio-590-ml\/\",\"name\":\"Cold Cupbio 590 ml - Cupbio\",\"isPartOf\":{\"@id\":\"https:\/\/cupbio.fi\/en\/#website\"},\"primaryImageOfPage\":{\"@id\":\"https:\/\/cupbio.fi\/en\/products\/cold-cupbio-590-ml\/#primaryimage\"},\"image\":{\"@id\":\"https:\/\/cupbio.fi\/en\/products\/cold-cupbio-590-ml\/#primaryimage\"},\"thumbnailUrl\":\"https:\/\/cupbio.fi\/wp-content\/uploads\/2024\/02\/Cold-Cupbio-590-ml_uusi.png\",\"datePublished\":\"2022-08-24T08:59:46+00:00\",\"dateModified\":\"2024-02-29T12:47:16+00:00\",\"breadcrumb\":{\"@id\":\"https:\/\/cupbio.fi\/en\/products\/cold-cupbio-590-ml\/#breadcrumb\"},\"inLanguage\":\"en-US\",\"potentialAction\":[{\"@type\":\"ReadAction\",\"target\":[\"https:\/\/cupbio.fi\/en\/products\/cold-cupbio-590-ml\/\"]}]},{\"@type\":\"ImageObject\",\"inLanguage\":\"en-US\",\"@id\":\"https:\/\/cupbio.fi\/en\/products\/cold-cupbio-590-ml\/#primaryimage\",\"url\":\"https:\/\/cupbio.fi\/wp-content\/uploads\/2024\/02\/Cold-Cupbio-590-ml_uusi.png\",\"contentUrl\":\"https:\/\/cupbio.fi\/wp-content\/uploads\/2024\/02\/Cold-Cupbio-590-ml_uusi.png\",\"width\":1352,\"height\":1548},{\"@type\":\"BreadcrumbList\",\"@id\":\"https:\/\/cupbio.fi\/en\/products\/cold-cupbio-590-ml\/#breadcrumb\",\"itemListElement\":[{\"@type\":\"ListItem\",\"position\":1,\"name\":\"Home\",\"item\":\"https:\/\/cupbio.fi\/en\/\"},{\"@type\":\"ListItem\",\"position\":2,\"name\":\"Shop\",\"item\":\"https:\/\/cupbio.fi\/shop\/\"},{\"@type\":\"ListItem\",\"position\":3,\"name\":\"Cold Cupbio 590 ml\"}]},{\"@type\":\"WebSite\",\"@id\":\"https:\/\/cupbio.fi\/en\/#website\",\"url\":\"https:\/\/cupbio.fi\/en\/\",\"name\":\"Cupbio\",\"description\":\"Kahvi kuumana, planeetta ei\",\"potentialAction\":[{\"@type\":\"SearchAction\",\"target\":{\"@type\":\"EntryPoint\",\"urlTemplate\":\"https:\/\/cupbio.fi\/en\/?s={search_term_string}\"},\"query-input\":{\"@type\":\"PropertyValueSpecification\",\"valueRequired\":true,\"valueName\":\"search_term_string\"}}],\"inLanguage\":\"en-US\"}]}<\/script>\n<!-- \/ Yoast SEO plugin. -->","yoast_head_json":{"title":"Cold Cupbio 590 ml - Cupbio","robots":{"index":"index","follow":"follow","max-snippet":"max-snippet:-1","max-image-preview":"max-image-preview:large","max-video-preview":"max-video-preview:-1"},"canonical":"https:\/\/cupbio.fi\/en\/products\/cold-cupbio-590-ml\/","og_locale":"en_US","og_type":"article","og_title":"Cold Cupbio 590 ml - Cupbio","og_description":"Biodegradable disposable cup that can be fully recycled.","og_url":"https:\/\/cupbio.fi\/en\/products\/cold-cupbio-590-ml\/","og_site_name":"Cupbio","article_modified_time":"2024-02-29T12:47:16+00:00","og_image":[{"width":1352,"height":1548,"url":"https:\/\/cupbio.fi\/wp-content\/uploads\/2024\/02\/Cold-Cupbio-590-ml_uusi.png","type":"image\/png"}],"twitter_card":"summary_large_image","twitter_misc":{"Est. reading time":"1 minute"},"schema":{"@context":"https:\/\/schema.org","@graph":[{"@type":"WebPage","@id":"https:\/\/cupbio.fi\/en\/products\/cold-cupbio-590-ml\/","url":"https:\/\/cupbio.fi\/en\/products\/cold-cupbio-590-ml\/","name":"Cold Cupbio 590 ml - Cupbio","isPartOf":{"@id":"https:\/\/cupbio.fi\/en\/#website"},"primaryImageOfPage":{"@id":"https:\/\/cupbio.fi\/en\/products\/cold-cupbio-590-ml\/#primaryimage"},"image":{"@id":"https:\/\/cupbio.fi\/en\/products\/cold-cupbio-590-ml\/#primaryimage"},"thumbnailUrl":"https:\/\/cupbio.fi\/wp-content\/uploads\/2024\/02\/Cold-Cupbio-590-ml_uusi.png","datePublished":"2022-08-24T08:59:46+00:00","dateModified":"2024-02-29T12:47:16+00:00","breadcrumb":{"@id":"https:\/\/cupbio.fi\/en\/products\/cold-cupbio-590-ml\/#breadcrumb"},"inLanguage":"en-US","potentialAction":[{"@type":"ReadAction","target":["https:\/\/cupbio.fi\/en\/products\/cold-cupbio-590-ml\/"]}]},{"@type":"ImageObject","inLanguage":"en-US","@id":"https:\/\/cupbio.fi\/en\/products\/cold-cupbio-590-ml\/#primaryimage","url":"https:\/\/cupbio.fi\/wp-content\/uploads\/2024\/02\/Cold-Cupbio-590-ml_uusi.png","contentUrl":"https:\/\/cupbio.fi\/wp-content\/uploads\/2024\/02\/Cold-Cupbio-590-ml_uusi.png","width":1352,"height":1548},{"@type":"BreadcrumbList","@id":"https:\/\/cupbio.fi\/en\/products\/cold-cupbio-590-ml\/#breadcrumb","itemListElement":[{"@type":"ListItem","position":1,"name":"Home","item":"https:\/\/cupbio.fi\/en\/"},{"@type":"ListItem","position":2,"name":"Shop","item":"https:\/\/cupbio.fi\/shop\/"},{"@type":"ListItem","position":3,"name":"Cold Cupbio 590 ml"}]},{"@type":"WebSite","@id":"https:\/\/cupbio.fi\/en\/#website","url":"https:\/\/cupbio.fi\/en\/","name":"Cupbio","description":"Kahvi kuumana, planeetta ei","potentialAction":[{"@type":"SearchAction","target":{"@type":"EntryPoint","urlTemplate":"https:\/\/cupbio.fi\/en\/?s={search_term_string}"},"query-input":{"@type":"PropertyValueSpecification","valueRequired":true,"valueName":"search_term_string"}}],"inLanguage":"en-US"}]}},"_links":{"self":[{"href":"https:\/\/cupbio.fi\/en\/wp-json\/wp\/v2\/product\/772","targetHints":{"allow":["GET"]}}],"collection":[{"href":"https:\/\/cupbio.fi\/en\/wp-json\/wp\/v2\/product"}],"about":[{"href":"https:\/\/cupbio.fi\/en\/wp-json\/wp\/v2\/types\/product"}],"wp:featuredmedia":[{"embeddable":true,"href":"https:\/\/cupbio.fi\/en\/wp-json\/wp\/v2\/media\/1046"}],"wp:attachment":[{"href":"https:\/\/cupbio.fi\/en\/wp-json\/wp\/v2\/media?parent=772"}],"wp:term":[{"taxonomy":"product_brand","embeddable":true,"href":"https:\/\/cupbio.fi\/en\/wp-json\/wp\/v2\/product_brand?post=772"},{"taxonomy":"product_cat","embeddable":true,"href":"https:\/\/cupbio.fi\/en\/wp-json\/wp\/v2\/product_cat?post=772"},{"taxonomy":"product_tag","embeddable":true,"href":"https:\/\/cupbio.fi\/en\/wp-json\/wp\/v2\/product_tag?post=772"}],"curies":[{"name":"wp","href":"https:\/\/api.w.org\/{rel}","templated":true}]}}