{"id":414,"date":"2021-06-22T11:08:06","date_gmt":"2021-06-22T09:08:06","guid":{"rendered":"https:\/\/cupbio.fi\/?page_id=414"},"modified":"2021-06-22T11:08:16","modified_gmt":"2021-06-22T09:08:16","slug":"privacy-policy","status":"publish","type":"page","link":"https:\/\/cupbio.fi\/en\/privacy-policy\/","title":{"rendered":"Privacy policy"},"content":{"rendered":"\r\n<h2 class=\"wp-block-heading\">Rekisterinpit\u00e4j\u00e4<\/h2>\r\n\r\n\r\n\r\n<p>Verkkosivustomme osoite on: https:\/\/cupbio.fi<\/p>\r\n<p>Rekisterinpit\u00e4j\u00e4: Cupbio Oy, 3165358-1\u00a0<\/p>\r\n\r\n\r\n\r\n<h2 class=\"wp-block-heading\">Henkil\u00f6tietojen k\u00e4sittelyn tarkoitus ja perusteet<\/h2>\r\n<p>Rekisteriin ker\u00e4ttyj\u00e4 tietoja k\u00e4yt\u00e4mme asiakassuhteen hoitamista varten, asiakasviestint\u00e4\u00e4n- ja markkinointiin sek\u00e4 Cupbion tarjoamien tuotteiden ja palvelun tuottamiseen.\u00a0K\u00e4sittelyperusteemme on oikeutettu etu sek\u00e4 suostumus.<\/p>\r\n\r\n\r\n\r\n\r\n\r\n\r\n\r\n\r\n\r\n<h2 class=\"wp-block-heading\">Tietojen s\u00e4ilytys<\/h2>\r\n\r\n\r\n\r\n<p>S\u00e4ilyt\u00e4mme tietoja vain niin kauan kuin on tarpeen yll\u00e4 m\u00e4\u00e4riteltyjen tarkoitusten toteuttamiseksi kulloinkin voimassaolevan lains\u00e4\u00e4d\u00e4nn\u00f6n mukaisesti. Henkil\u00f6, jonka tietoja on ker\u00e4tty rekisteriimme, voi pyyt\u00e4\u00e4 henkil\u00f6tietojen poistoa, oikaista tietoja, rajoittaa niiden k\u00e4sittely\u00e4 sek\u00e4 peruuttaa suostumuksensa markkinointimateriaalien vastaanottamiseen. Oikeus omien tietojen poistoon ei koske sellaista henkil\u00f6tietoa, joka meid\u00e4n on s\u00e4ilytett\u00e4v\u00e4 yll\u00e4pidollisista, juridisista tai tietoturvaan liittyvist\u00e4 syist\u00e4.<\/p>\r\n<p>Markkinointirekisteriss\u00e4 tietoja s\u00e4ilytet\u00e4\u00e4n tyypillisesti niin kauan kuin henkil\u00f6 toimii sellaisissa ty\u00f6teht\u00e4viss\u00e4, joihin markkinoitava tuote tai palvelu liittyy, eik\u00e4 h\u00e4n ole kielt\u00e4ytynyt vastaanottamasta markkinointiviestint\u00e4\u00e4. Mik\u00e4li henkil\u00f6 kielt\u00e4ytyy markkinoinnista, s\u00e4ilyt\u00e4mme tiedon kiellosta ja yhteystiedoista, jotta voimme varmistaa kiellon noudattamisen.<\/p>\r\n<p>Voimme olla velvoitettuja s\u00e4ilytt\u00e4m\u00e4\u00e4n joitakin k\u00e4ytt\u00e4j\u00e4n henkil\u00f6tietoja noudattaaksemme kirjanpito- tai muuta pakottavaa lains\u00e4\u00e4d\u00e4nt\u00f6\u00e4 my\u00f6s asiakassuhteen tai muun henkil\u00f6tietojen k\u00e4sittelyperusteen p\u00e4\u00e4ttymisen j\u00e4lkeen. Laskutustietoja s\u00e4ilytet\u00e4\u00e4n tyypillisesti seitsem\u00e4n vuoden ajan.<\/p>\r\n<h2>Tietojen luovutus ja siirt\u00e4minen<\/h2>\r\n<p>\r\n\r\n<\/p>\r\n<p>Emme luovuta tietoja kolmansille osapuolille markkinointitarkoituksiin. Vierailijoiden kommentteja saatetaan tarkistaa automatisoidun roskapostiestopalvelun kautta.<\/p>\r\n<p>Rekisterin tietoja voidaan luovuttaa seuraavissa tapauksissa:\u00a0<\/p>\r\n<ul>\r\n<li><strong>Suostumus:<\/strong>\u00a0Voimme luovuttaa k\u00e4ytt\u00e4j\u00e4n tietoja kolmansille osapuolille, mik\u00e4li k\u00e4ytt\u00e4j\u00e4 on antanut siihen suostumuksensa.<\/li>\r\n<li><strong>Yritysj\u00e4rjestelyt:<\/strong>\u00a0Mik\u00e4li myymme, ostamme, fuusioimme tai muutoin j\u00e4rjestelemme liiketoimintaamme, k\u00e4ytt\u00e4j\u00e4n henkil\u00f6tietoja voidaan luovuttaa ostajille ja n\u00e4iden neuvonantajille.<\/li>\r\n<li><strong>Viranomaiset:<\/strong>\u00a0Voimme luovuttaa k\u00e4ytt\u00e4j\u00e4n henkil\u00f6tietoja toimivaltaisten viranomaisten tai muiden tahojen esitt\u00e4mien vaatimusten edellytt\u00e4m\u00e4ll\u00e4, kulloinkin voimassaolevaan lains\u00e4\u00e4d\u00e4nt\u00f6\u00f6n perustuvalla, tavalla.<\/li>\r\n<li><strong>Sosiaalinen media:<\/strong>\u00a0Palveluissamme voi olla k\u00e4yt\u00f6ss\u00e4 ns. yhteis\u00f6liit\u00e4nn\u00e4isi\u00e4, kuten Facebookin tykk\u00e4\u00e4-painike. Yhteis\u00f6liit\u00e4nn\u00e4isten sis\u00e4lt\u00f6 tulee suoraan sosiaalisen median palvelusta, ja t\u00e4ll\u00f6in sosiaalisen median palvelut voivat ker\u00e4t\u00e4 tietoa k\u00e4vij\u00e4n vierailusta kulloinkin voimassaolevien yksityisyydensuojaa koskevien ehtojensa mukaisesti.<\/li>\r\n<\/ul>\r\n<h2>Muilta sivustoilta upotettu sis\u00e4lt\u00f6<\/h2>\r\n<p>\r\n\r\n<\/p>\r\n<p>T\u00e4m\u00e4n sivuston artikkelit voivat sis\u00e4lt\u00e4\u00e4 upotettua sis\u00e4lt\u00f6\u00e4 (esimerkiksi videoita, kuvia, artikkeleita jne.). Toisilta sivustoilta tuodun upotetun sis\u00e4ll\u00f6n avaaminen on verrattavissa siihen, ett\u00e4 vierailija itse k\u00e4visi kolmannen osapuolen sivustolla.<\/p>\r\n<p>\r\n\r\n<\/p>\r\n<p>N\u00e4m\u00e4 sivustot voivat ker\u00e4t\u00e4 tietoa sinusta, k\u00e4ytt\u00e4\u00e4 ev\u00e4steit\u00e4, upottaa kolmannen osapuolen seurantaev\u00e4steit\u00e4 ja monitoroida vuorovaikutustasi upotetun sis\u00e4ll\u00f6n kanssa, mukaan lukien vuorovaikutuksen seuranta jos ja kun olet kirjautunut k\u00e4ytt\u00e4j\u00e4n\u00e4 sivustolle.<\/p>\r\n<h2>Tietosuojaselosteen muuttaminen<\/h2>\r\n<p>Kehit\u00e4mme tuotteitamme ja palveluitamme jatkuvasti ja pid\u00e4t\u00e4mme itsell\u00e4mme oikeuden muuttaa t\u00e4t\u00e4 tietosuojalauseketta. Muutokset voivat perustua my\u00f6s lains\u00e4\u00e4d\u00e4nn\u00f6n muuttumiseen. Suosittelemme tutustumaan tietosuojalausekkeen sis\u00e4lt\u00f6\u00f6n s\u00e4\u00e4nn\u00f6llisesti.<\/p>\r\n<p>\r\n\r\n<\/p>\r\n\r\n\r\n\r\n\r\n\r\n\r\n\r\n\r\n","protected":false},"excerpt":{"rendered":"<p>Rekisterinpit\u00e4j\u00e4 Verkkosivustomme osoite on: https:\/\/cupbio.fi Rekisterinpit\u00e4j\u00e4: Cupbio Oy, 3165358-1\u00a0 Henkil\u00f6tietojen k\u00e4sittelyn tarkoitus ja perusteet Rekisteriin ker\u00e4ttyj\u00e4 tietoja k\u00e4yt\u00e4mme asiakassuhteen hoitamista varten, asiakasviestint\u00e4\u00e4n- ja markkinointiin sek\u00e4 Cupbion tarjoamien tuotteiden ja palvelun tuottamiseen.\u00a0K\u00e4sittelyperusteemme on oikeutettu etu sek\u00e4 suostumus. Tietojen s\u00e4ilytys S\u00e4ilyt\u00e4mme tietoja vain niin kauan kuin on tarpeen yll\u00e4 m\u00e4\u00e4riteltyjen tarkoitusten toteuttamiseksi kulloinkin voimassaolevan lains\u00e4\u00e4d\u00e4nn\u00f6n mukaisesti. Henkil\u00f6,&hellip;<\/p>\n","protected":false},"author":1,"featured_media":0,"parent":0,"menu_order":0,"comment_status":"closed","ping_status":"closed","template":"templates\/text.php","meta":{"_acf_changed":false,"footnotes":""},"class_list":["post-414","page","type-page","status-publish","hentry"],"acf":[],"yoast_head":"<!-- This site is optimized with the Yoast SEO plugin v26.8 - https:\/\/yoast.com\/product\/yoast-seo-wordpress\/ -->\n<title>Privacy policy - Cupbio<\/title>\n<meta name=\"robots\" content=\"index, follow, max-snippet:-1, max-image-preview:large, max-video-preview:-1\" \/>\n<link rel=\"canonical\" href=\"https:\/\/cupbio.fi\/en\/privacy-policy\/\" \/>\n<meta property=\"og:locale\" content=\"en_US\" \/>\n<meta property=\"og:type\" content=\"article\" \/>\n<meta property=\"og:title\" content=\"Privacy policy - Cupbio\" \/>\n<meta property=\"og:description\" content=\"Rekisterinpit\u00e4j\u00e4 Verkkosivustomme osoite on: https:\/\/cupbio.fi Rekisterinpit\u00e4j\u00e4: Cupbio Oy, 3165358-1\u00a0 Henkil\u00f6tietojen k\u00e4sittelyn tarkoitus ja perusteet Rekisteriin ker\u00e4ttyj\u00e4 tietoja k\u00e4yt\u00e4mme asiakassuhteen hoitamista varten, asiakasviestint\u00e4\u00e4n- ja markkinointiin sek\u00e4 Cupbion tarjoamien tuotteiden ja palvelun tuottamiseen.\u00a0K\u00e4sittelyperusteemme on oikeutettu etu sek\u00e4 suostumus. Tietojen s\u00e4ilytys S\u00e4ilyt\u00e4mme tietoja vain niin kauan kuin on tarpeen yll\u00e4 m\u00e4\u00e4riteltyjen tarkoitusten toteuttamiseksi kulloinkin voimassaolevan lains\u00e4\u00e4d\u00e4nn\u00f6n mukaisesti. Henkil\u00f6,&hellip;\" \/>\n<meta property=\"og:url\" content=\"https:\/\/cupbio.fi\/en\/privacy-policy\/\" \/>\n<meta property=\"og:site_name\" content=\"Cupbio\" \/>\n<meta property=\"article:modified_time\" content=\"2021-06-22T09:08:16+00:00\" \/>\n<meta name=\"twitter:card\" content=\"summary_large_image\" \/>\n<meta name=\"twitter:label1\" content=\"Est. reading time\" \/>\n\t<meta name=\"twitter:data1\" content=\"2 minutes\" \/>\n<script type=\"application\/ld+json\" class=\"yoast-schema-graph\">{\"@context\":\"https:\/\/schema.org\",\"@graph\":[{\"@type\":\"WebPage\",\"@id\":\"https:\/\/cupbio.fi\/en\/privacy-policy\/\",\"url\":\"https:\/\/cupbio.fi\/en\/privacy-policy\/\",\"name\":\"Privacy policy - Cupbio\",\"isPartOf\":{\"@id\":\"https:\/\/cupbio.fi\/en\/#website\"},\"datePublished\":\"2021-06-22T09:08:06+00:00\",\"dateModified\":\"2021-06-22T09:08:16+00:00\",\"breadcrumb\":{\"@id\":\"https:\/\/cupbio.fi\/en\/privacy-policy\/#breadcrumb\"},\"inLanguage\":\"en-US\",\"potentialAction\":[{\"@type\":\"ReadAction\",\"target\":[\"https:\/\/cupbio.fi\/en\/privacy-policy\/\"]}]},{\"@type\":\"BreadcrumbList\",\"@id\":\"https:\/\/cupbio.fi\/en\/privacy-policy\/#breadcrumb\",\"itemListElement\":[{\"@type\":\"ListItem\",\"position\":1,\"name\":\"Home\",\"item\":\"https:\/\/cupbio.fi\/en\/\"},{\"@type\":\"ListItem\",\"position\":2,\"name\":\"Privacy policy\"}]},{\"@type\":\"WebSite\",\"@id\":\"https:\/\/cupbio.fi\/en\/#website\",\"url\":\"https:\/\/cupbio.fi\/en\/\",\"name\":\"Cupbio\",\"description\":\"Kahvi kuumana, planeetta ei\",\"potentialAction\":[{\"@type\":\"SearchAction\",\"target\":{\"@type\":\"EntryPoint\",\"urlTemplate\":\"https:\/\/cupbio.fi\/en\/?s={search_term_string}\"},\"query-input\":{\"@type\":\"PropertyValueSpecification\",\"valueRequired\":true,\"valueName\":\"search_term_string\"}}],\"inLanguage\":\"en-US\"}]}<\/script>\n<!-- \/ Yoast SEO plugin. -->","yoast_head_json":{"title":"Privacy policy - Cupbio","robots":{"index":"index","follow":"follow","max-snippet":"max-snippet:-1","max-image-preview":"max-image-preview:large","max-video-preview":"max-video-preview:-1"},"canonical":"https:\/\/cupbio.fi\/en\/privacy-policy\/","og_locale":"en_US","og_type":"article","og_title":"Privacy policy - Cupbio","og_description":"Rekisterinpit\u00e4j\u00e4 Verkkosivustomme osoite on: https:\/\/cupbio.fi Rekisterinpit\u00e4j\u00e4: Cupbio Oy, 3165358-1\u00a0 Henkil\u00f6tietojen k\u00e4sittelyn tarkoitus ja perusteet Rekisteriin ker\u00e4ttyj\u00e4 tietoja k\u00e4yt\u00e4mme asiakassuhteen hoitamista varten, asiakasviestint\u00e4\u00e4n- ja markkinointiin sek\u00e4 Cupbion tarjoamien tuotteiden ja palvelun tuottamiseen.\u00a0K\u00e4sittelyperusteemme on oikeutettu etu sek\u00e4 suostumus. Tietojen s\u00e4ilytys S\u00e4ilyt\u00e4mme tietoja vain niin kauan kuin on tarpeen yll\u00e4 m\u00e4\u00e4riteltyjen tarkoitusten toteuttamiseksi kulloinkin voimassaolevan lains\u00e4\u00e4d\u00e4nn\u00f6n mukaisesti. Henkil\u00f6,&hellip;","og_url":"https:\/\/cupbio.fi\/en\/privacy-policy\/","og_site_name":"Cupbio","article_modified_time":"2021-06-22T09:08:16+00:00","twitter_card":"summary_large_image","twitter_misc":{"Est. reading time":"2 minutes"},"schema":{"@context":"https:\/\/schema.org","@graph":[{"@type":"WebPage","@id":"https:\/\/cupbio.fi\/en\/privacy-policy\/","url":"https:\/\/cupbio.fi\/en\/privacy-policy\/","name":"Privacy policy - Cupbio","isPartOf":{"@id":"https:\/\/cupbio.fi\/en\/#website"},"datePublished":"2021-06-22T09:08:06+00:00","dateModified":"2021-06-22T09:08:16+00:00","breadcrumb":{"@id":"https:\/\/cupbio.fi\/en\/privacy-policy\/#breadcrumb"},"inLanguage":"en-US","potentialAction":[{"@type":"ReadAction","target":["https:\/\/cupbio.fi\/en\/privacy-policy\/"]}]},{"@type":"BreadcrumbList","@id":"https:\/\/cupbio.fi\/en\/privacy-policy\/#breadcrumb","itemListElement":[{"@type":"ListItem","position":1,"name":"Home","item":"https:\/\/cupbio.fi\/en\/"},{"@type":"ListItem","position":2,"name":"Privacy policy"}]},{"@type":"WebSite","@id":"https:\/\/cupbio.fi\/en\/#website","url":"https:\/\/cupbio.fi\/en\/","name":"Cupbio","description":"Kahvi kuumana, planeetta ei","potentialAction":[{"@type":"SearchAction","target":{"@type":"EntryPoint","urlTemplate":"https:\/\/cupbio.fi\/en\/?s={search_term_string}"},"query-input":{"@type":"PropertyValueSpecification","valueRequired":true,"valueName":"search_term_string"}}],"inLanguage":"en-US"}]}},"_links":{"self":[{"href":"https:\/\/cupbio.fi\/en\/wp-json\/wp\/v2\/pages\/414","targetHints":{"allow":["GET"]}}],"collection":[{"href":"https:\/\/cupbio.fi\/en\/wp-json\/wp\/v2\/pages"}],"about":[{"href":"https:\/\/cupbio.fi\/en\/wp-json\/wp\/v2\/types\/page"}],"author":[{"embeddable":true,"href":"https:\/\/cupbio.fi\/en\/wp-json\/wp\/v2\/users\/1"}],"replies":[{"embeddable":true,"href":"https:\/\/cupbio.fi\/en\/wp-json\/wp\/v2\/comments?post=414"}],"version-history":[{"count":0,"href":"https:\/\/cupbio.fi\/en\/wp-json\/wp\/v2\/pages\/414\/revisions"}],"wp:attachment":[{"href":"https:\/\/cupbio.fi\/en\/wp-json\/wp\/v2\/media?parent=414"}],"curies":[{"name":"wp","href":"https:\/\/api.w.org\/{rel}","templated":true}]}}